{"id":56,"date":"2017-03-18T19:29:29","date_gmt":"2017-03-18T18:29:29","guid":{"rendered":"http:\/\/www.privatzimmer-siebengebirge.de\/?page_id=56"},"modified":"2020-01-21T17:49:50","modified_gmt":"2020-01-21T16:49:50","slug":"haftungsausschluss","status":"publish","type":"page","link":"https:\/\/www.privatzimmer-siebengebirge.de\/en\/haftungsausschluss\/","title":{"rendered":"disclaimer"},"content":{"rendered":"<p style=\"text-align: left;\">Wir \u00fcbernehmen keinerlei Gew\u00e4hr f\u00fcr die Aktualit\u00e4t, Korrektheit, Vollst\u00e4ndigkeit unserer Informationen. Haftungsanspr\u00fcche&nbsp;die sich auf von uns verursachten Sch\u00e4den richten, sind grunds\u00e4tzlich ausgeschlossen. Alle Angebote sind freibleibend und unverbindlich. Wir behalten uns ausdr\u00fccklich vor, Teile der Seiten oder das gesamte Angebot ohne&nbsp; Ank\u00fcndigung zu ver\u00e4ndern, zu erg\u00e4nzen, zu l\u00f6schen oder die Ver\u00f6ffentlichung zeitweise oder endg\u00fcltig einzustellen.<br \/>\n<b> <\/b><br \/>\n<b> Verweise und Links<\/b><br \/>\nSofern auf Verweisziele (&#8220;Links&#8221;) direkt oder indirekt verwiesen wird, die au\u00dferhalb unseres Verantwortungsbereiches&nbsp;liegen, haften wir nur dann, wenn wir von den Inhalten Kenntnis hatten. F\u00fcr&nbsp;Inhalte und insbesondere f\u00fcr Sch\u00e4den, die aus der Nutzung oder Nichtnutzung solcherart dargebotener Informationen entstehen, haftet allein der Anbieter der Seite, auf welche verwiesen wurde, nicht derjenige, der \u00fcber Links auf die jeweilige Ver\u00f6ffentlichung lediglich verweist. Diese Einschr\u00e4nkung gilt gleicherma\u00dfen auch f\u00fcr Fremdeintr\u00e4ge in von uns eingerichteten G\u00e4steb\u00fcchern, Diskussionsforen und Mailinglisten.<br \/>\n<b> <\/b><br \/>\n<b> Urheberrecht<\/b><br \/>\nWir sind bestrebt, in allen Publikationen die Urheberrechte der verwendeten Grafiken, Fotos und Texte zu beachten und nur von uns selbst erstellte Grafiken, Fotos und Texte zu nutzen oder auf lizenzfreie Grafiken, Fotos und Texte zur\u00fcckzugreifen. Die Rechte f\u00fcr ver\u00f6ffentlichte und von uns selbst erstellten Objekten bleiben allein bei unseren Seiten. Eine Vervielf\u00e4ltigung oder Verwendung solcher Grafiken, Fotos und Texte in anderen elektronischen oder gedruckten Publikationen ist ohne ausdr\u00fcckliche Zustimmung&nbsp; nicht gestattet.<\/p>\n","protected":false},"excerpt":{"rendered":"<p>Wir \u00fcbernehmen keinerlei Gew\u00e4hr f\u00fcr die Aktualit\u00e4t, Korrektheit, Vollst\u00e4ndigkeit unserer Informationen. Haftungsanspr\u00fcche&nbsp;die sich auf von uns verursachten Sch\u00e4den richten, sind grunds\u00e4tzlich ausgeschlossen. Alle Angebote sind freibleibend und unverbindlich. Wir behalten uns ausdr\u00fccklich vor, Teile der Seiten oder das gesamte Angebot ohne&nbsp; Ank\u00fcndigung zu ver\u00e4ndern, zu erg\u00e4nzen, zu l\u00f6schen oder die Ver\u00f6ffentlichung zeitweise oder endg\u00fcltig einzustellen. &hellip; <\/p>\n<p class=\"link-more\"><a href=\"https:\/\/www.privatzimmer-siebengebirge.de\/en\/haftungsausschluss\/\" class=\"more-link\">Continue reading<span class=\"screen-reader-text\"> &#8220;disclaimer&#8221;<\/span><\/a><\/p>\n","protected":false},"author":1,"featured_media":0,"parent":0,"menu_order":0,"comment_status":"closed","ping_status":"closed","template":"","meta":{"footnotes":""},"class_list":["post-56","page","type-page","status-publish","hentry"],"translation":{"provider":"WPGlobus","version":"3.0.2","language":"en","enabled_languages":["de","en"],"languages":{"de":{"title":true,"content":true,"excerpt":false},"en":{"title":true,"content":true,"excerpt":false}}},"_links":{"self":[{"href":"https:\/\/www.privatzimmer-siebengebirge.de\/en\/wp-json\/wp\/v2\/pages\/56","targetHints":{"allow":["GET"]}}],"collection":[{"href":"https:\/\/www.privatzimmer-siebengebirge.de\/en\/wp-json\/wp\/v2\/pages"}],"about":[{"href":"https:\/\/www.privatzimmer-siebengebirge.de\/en\/wp-json\/wp\/v2\/types\/page"}],"author":[{"embeddable":true,"href":"https:\/\/www.privatzimmer-siebengebirge.de\/en\/wp-json\/wp\/v2\/users\/1"}],"replies":[{"embeddable":true,"href":"https:\/\/www.privatzimmer-siebengebirge.de\/en\/wp-json\/wp\/v2\/comments?post=56"}],"version-history":[{"count":4,"href":"https:\/\/www.privatzimmer-siebengebirge.de\/en\/wp-json\/wp\/v2\/pages\/56\/revisions"}],"predecessor-version":[{"id":486,"href":"https:\/\/www.privatzimmer-siebengebirge.de\/en\/wp-json\/wp\/v2\/pages\/56\/revisions\/486"}],"wp:attachment":[{"href":"https:\/\/www.privatzimmer-siebengebirge.de\/en\/wp-json\/wp\/v2\/media?parent=56"}],"curies":[{"name":"wp","href":"https:\/\/api.w.org\/{rel}","templated":true}]}}